{"id":3003,"date":"2023-10-08T19:27:26","date_gmt":"2023-10-08T19:27:26","guid":{"rendered":"https:\/\/www.uvealiner.com\/haberler\/"},"modified":"2024-12-27T19:19:50","modified_gmt":"2024-12-27T19:19:50","slug":"haberler","status":"publish","type":"page","link":"https:\/\/www.uvealiner.com\/tr\/haberler\/","title":{"rendered":"Haberler"},"content":{"rendered":"\t\t<div data-elementor-type=\"wp-page\" data-elementor-id=\"3003\" class=\"elementor elementor-3003 elementor-2968\">\n\t\t\t\t\t\t\t\t\t<section class=\"elementor-section elementor-top-section elementor-element elementor-element-8b7cb0f elementor-section-boxed elementor-section-height-default elementor-section-height-default\" data-id=\"8b7cb0f\" data-element_type=\"section\">\r\n\t\t\r\n\t\t\t\t\t\t\t<div class=\"elementor-container elementor-column-gap-default\">\r\n\t\t\t\t\t\t\t\t\t\t\t<div class=\"elementor-column elementor-col-100 elementor-top-column elementor-element elementor-element-f35d768\" data-id=\"f35d768\" data-element_type=\"column\">\r\n\t\t\t\t\t<div class=\"elementor-widget-wrap elementor-element-populated\">\r\n\t\t\t\t\t\t\t\t<div class=\"elementor-element elementor-element-88c697d elementor-widget elementor-widget-porto_posts_grid\" data-id=\"88c697d\" data-element_type=\"widget\" data-settings=\"{&quot;spacing&quot;:{&quot;unit&quot;:&quot;px&quot;,&quot;size&quot;:&quot;&quot;,&quot;sizes&quot;:[]}}\" data-widget_type=\"porto_posts_grid.default\">\n\t\t\t\t<div class=\"elementor-widget-container\">\n\t\t\t<div id=\"porto-posts-grid-enua\" class=\"porto-posts-grid porto-bloghm4m\"><style scope=\"scope\">.page-wrapper .porto-gb-ae62285a6f85ca7615316159ea13d9c2{}.page-wrapper .porto-gb-9b641093aacb50daefa017e8a80368e0{}.page-wrapper .porto-gb-1155c110611fa7f65dde9dd49e2f7748{}.page-wrapper .porto-gb-94ddb1d9d5d2970f133c24a41c4bcd81{padding-right:3px;}.page-wrapper .porto-gb-94ddb1d9d5d2970f133c24a41c4bcd81{font-size:12.8px;font-weight:600;text-transform:uppercase;line-height:1;letter-spacing:2px;color:#969696}.page-wrapper .porto-gb-770817802b08f43b1c901da261c29cdb{margin-bottom:8px;}.porto-gb-770817802b08f43b1c901da261c29cdb,.porto-gb-770817802b08f43b1c901da261c29cdb p{font-size:24px;line-height:27px;}.porto-gb-770817802b08f43b1c901da261c29cdb a:hover,.porto-gb-770817802b08f43b1c901da261c29cdb p a:hover{color:#2b4f9e}.page-wrapper .porto-gb-5d4b34890737b85495f015e5173dd0e1{margin-bottom:13px;}.porto-gb-5d4b34890737b85495f015e5173dd0e1,.porto-gb-5d4b34890737b85495f015e5173dd0e1 p{font-size:16px;font-weight:500;}.page-wrapper .porto-gb-5e1d5f549e731e5b22a2ee04f9a95910{border-style:solid;border-width:0px 0px 0px 0px;padding:0px 0px 0px 0px;}.page-wrapper .porto-gb-5e1d5f549e731e5b22a2ee04f9a95910:hover{color:#2b4f9e;box-shadow:none;}.page-wrapper .porto-gb-5e1d5f549e731e5b22a2ee04f9a95910{font-size:14.4px;font-weight:600;text-transform:uppercase;line-height:26px;color:#7292cb}.type-post .btn-icon-right i { margin-left: 10px;}\r\n.type-post .wp-block-columns  { align-items: center;}\r\n.custom-btn-link:focus { box-shadow: none; }<\/style><div class=\"posts-wrap posts-container has-ccols ccols-md-2 ccols-1 has-ccols-spacing\"><div class=\"porto-tb-item post post-2959 type-post status-publish format-standard has-post-thumbnail hentry category-business-tr tag-energy-tr tag-environment-tr tag-sustainability-tr\"><section class=\"porto-section flex-container row pt-0 pb-0\">\n<section class=\"porto-section col-md-6 pt-md-0 pb-md-0 pe-md-4 pt-1 pb-1 porto-gb-ae62285a6f85ca7615316159ea13d9c2\">\n<div class=\"porto-tb-featured-image tb-image-type-default porto-gb-9b641093aacb50daefa017e8a80368e0\" data-title=\"DEPREM D\u0130REN\u00c7L\u0130 BORU HATLARI \u0130\u00c7\u0130N UVEA LINER\"><a aria-label=\"post featured image\" href=\"https:\/\/www.uvealiner.com\/tr\/deprem-direncli-boru-hatlari-icin-uvea-liner\/\" class=\"img-thumbnail\"><img loading=\"lazy\" decoding=\"async\" width=\"460\" height=\"274\" src=\"https:\/\/www.uvealiner.com\/wp-content\/uploads\/2023\/10\/pipeline8-6a.jpg\" class=\"img-responsive\" alt=\"Pipeline specimens were anchored to shake tables to simulate the passage of a seismic wave through two adjacent push-on joints. Experiments took place at a University at Buffalo laboratory.\" srcset=\"https:\/\/www.uvealiner.com\/wp-content\/uploads\/2023\/10\/pipeline8-6a.jpg 460w, https:\/\/www.uvealiner.com\/wp-content\/uploads\/2023\/10\/pipeline8-6a-320x191.jpg 320w, https:\/\/www.uvealiner.com\/wp-content\/uploads\/2023\/10\/pipeline8-6a-400x238.jpg 400w, https:\/\/www.uvealiner.com\/wp-content\/uploads\/2023\/10\/pipeline8-6a-367x219.jpg 367w\" sizes=\"auto, (max-width: 460px) 100vw, 460px\" \/><\/a><\/div>\n<\/section>\n\n<section class=\"porto-section col-md-6 pt-md-0 pb-md-0 ps-md-4 pt-1 pb-1 porto-gb-1155c110611fa7f65dde9dd49e2f7748\">\n<span class=\"porto-tb-meta tb-meta-published_date porto-gb-94ddb1d9d5d2970f133c24a41c4bcd81\">17 Eki 2022<\/span>\n\n<h2 class=\"porto-heading porto-gb-770817802b08f43b1c901da261c29cdb post-title\" style=\"\"><a href=\"https:\/\/www.uvealiner.com\/tr\/deprem-direncli-boru-hatlari-icin-uvea-liner\/\">DEPREM D\u0130REN\u00c7L\u0130 BORU HATLARI \u0130\u00c7\u0130N UVEA LINER<\/a><\/h2>\n\n<p class=\"porto-heading porto-gb-5d4b34890737b85495f015e5173dd0e1\" style=\"\">Cornell civil engineers report that retrofitting pipelines with \u201ccured-in-place pipe\u201d linings \u2013 flexible tubular membranes saturated...<\/p>\n\n<a aria-label=\"button\" class=\"btn btn-md btn-light btn-icon btn-icon-right hover-icon-pulse-left-right m-b-xs  custom-btn-link porto-gb-5e1d5f549e731e5b22a2ee04f9a95910\" href=\"https:\/\/www.uvealiner.com\/tr\/deprem-direncli-boru-hatlari-icin-uvea-liner\/\"><span>Devam\u0131n\u0131 OKU<\/span><i class=\"porto-icon-arrow-forward-right\"><\/i><\/a>\n<\/section>\n<\/section><\/div><\/div><\/div>\t\t<\/div>\n\t\t\t\t<\/div>\n\t\t\t\t\t<\/div>\r\n\t\t\t\t<\/div>\r\n\t\t\t\t\t<\/div>\r\n\t\t\t\t<\/section>\r\n\t\t\t\t\t\t\t<\/div>\n\t\t","protected":false},"excerpt":{"rendered":"<p>17 Oct 2022 UVEA LINER FOR EARTHQUAKE RESISTANT PIPELINES Cornell civil engineers report that retrofitting pipelines with \u201ccured-in-place pipe\u201d (CIPP) linings \u2013 flexible tubular membranes saturated with thermosetting resin \u2013 would prevent earthquake damage&#8230; Read More<\/p>\n","protected":false},"author":1,"featured_media":0,"parent":0,"menu_order":0,"comment_status":"closed","ping_status":"closed","template":"","meta":{"footnotes":""},"class_list":["post-3003","page","type-page","status-publish","hentry"],"_links":{"self":[{"href":"https:\/\/www.uvealiner.com\/tr\/wp-json\/wp\/v2\/pages\/3003","targetHints":{"allow":["GET"]}}],"collection":[{"href":"https:\/\/www.uvealiner.com\/tr\/wp-json\/wp\/v2\/pages"}],"about":[{"href":"https:\/\/www.uvealiner.com\/tr\/wp-json\/wp\/v2\/types\/page"}],"author":[{"embeddable":true,"href":"https:\/\/www.uvealiner.com\/tr\/wp-json\/wp\/v2\/users\/1"}],"replies":[{"embeddable":true,"href":"https:\/\/www.uvealiner.com\/tr\/wp-json\/wp\/v2\/comments?post=3003"}],"version-history":[{"count":2,"href":"https:\/\/www.uvealiner.com\/tr\/wp-json\/wp\/v2\/pages\/3003\/revisions"}],"predecessor-version":[{"id":3387,"href":"https:\/\/www.uvealiner.com\/tr\/wp-json\/wp\/v2\/pages\/3003\/revisions\/3387"}],"wp:attachment":[{"href":"https:\/\/www.uvealiner.com\/tr\/wp-json\/wp\/v2\/media?parent=3003"}],"curies":[{"name":"wp","href":"https:\/\/api.w.org\/{rel}","templated":true}]}}