{"id":2943,"date":"2023-10-08T18:25:21","date_gmt":"2023-10-08T18:25:21","guid":{"rendered":"https:\/\/www.uvealiner.com\/avantajlar\/"},"modified":"2024-12-27T19:09:16","modified_gmt":"2024-12-27T19:09:16","slug":"avantajlar","status":"publish","type":"page","link":"https:\/\/www.uvealiner.com\/tr\/avantajlar\/","title":{"rendered":"Avantajlar"},"content":{"rendered":"\t\t<div data-elementor-type=\"wp-page\" data-elementor-id=\"2943\" class=\"elementor elementor-2943 elementor-2938\">\n\t\t\t\t\t\t\t\t\t<section class=\"elementor-section elementor-top-section elementor-element elementor-element-485ff23 elementor-section-boxed elementor-section-height-default elementor-section-height-default\" data-id=\"485ff23\" data-element_type=\"section\">\r\n\t\t\r\n\t\t\t\t\t\t\t<div class=\"elementor-container elementor-column-gap-default\">\r\n\t\t\t\t\t\t\t\t\t\t\t<div class=\"elementor-column elementor-col-100 elementor-top-column elementor-element elementor-element-02adceb\" data-id=\"02adceb\" data-element_type=\"column\">\r\n\t\t\t\t\t<div class=\"elementor-widget-wrap elementor-element-populated\">\r\n\t\t\t\t\t\t\t\t<div class=\"elementor-element elementor-element-4d66cc8 elementor-widget elementor-widget-heading\" data-id=\"4d66cc8\" data-element_type=\"widget\" data-widget_type=\"heading.default\">\n\t\t\t\t<div class=\"elementor-widget-container\">\n\t\t\t<style>\/*! elementor - v3.12.2 - 23-04-2023 *\/\n.elementor-heading-title{padding:0;margin:0;line-height:1}.elementor-widget-heading .elementor-heading-title[class*=elementor-size-]>a{color:inherit;font-size:inherit;line-height:inherit}.elementor-widget-heading .elementor-heading-title.elementor-size-small{font-size:15px}.elementor-widget-heading .elementor-heading-title.elementor-size-medium{font-size:19px}.elementor-widget-heading .elementor-heading-title.elementor-size-large{font-size:29px}.elementor-widget-heading .elementor-heading-title.elementor-size-xl{font-size:39px}.elementor-widget-heading .elementor-heading-title.elementor-size-xxl{font-size:59px}<\/style><h3 class=\"elementor-heading-title elementor-size-default\">UVEA LINER AVANTAJLARI NELERD\u0130R?<\/h3>\t\t<\/div>\n\t\t\t\t<\/div>\n\t\t\t\t<div class=\"elementor-element elementor-element-4881fb7 mb-4 elementor-widget elementor-widget-porto_ultimate_heading\" data-id=\"4881fb7\" data-element_type=\"widget\" data-widget_type=\"porto_ultimate_heading.default\">\n\t\t\t\t<div class=\"elementor-widget-container\">\n\t\t\t<div class=\"porto-u-heading  porto-u-3407\"><div class=\"porto-u-sub-heading\" style=\"\"><ul><li>H\u0131zl\u0131 saha uygulamas\u0131 ile birka\u00e7 saat i\u00e7inde eski boru hatt\u0131n\u0131z\u0131n i\u00e7inde yeni bir boru hatt\u0131n\u0131z olur.<\/li><li>Deprem diren\u00e7lidir.<\/li><li>Korozyona u\u011framaz.<\/li><li>T\u00fcm boru t\u00fcrlerine ve profillerine uygulanabilir.<\/li><li>Kimyasal dayan\u0131m\u0131 y\u00fcksektir ve a\u015f\u0131nmaya dayan\u0131kl\u0131d\u0131r.<\/li><li>\u00dcst\u00fcn mukavemet de\u011ferlerine sahiptir.<\/li><li>Hafif oldu\u011fundan nakliye ve d\u00f6\u015feme maliyetlerinden tasarruf sa\u011flar.<\/li><li>P\u00fcr\u00fczs\u00fcz i\u00e7 y\u00fczey sayesinde m\u00fckemmel hidrolik ak\u0131\u015f sunar.<\/li><li>Uygun saklama ko\u015fullar\u0131nda alt\u0131 aya kadar raf \u00f6mr\u00fc vard\u0131r.<\/li><li>Saha uygulamas\u0131 canl\u0131 video ile takip edilir, t\u00fcm parametreler anl\u0131k kaydedilir.<\/li><li>\u00c7evre dostu ve ekonomiktir.<\/li><\/ul><\/div><style>.porto-u-3407.porto-u-heading{text-align:left}<\/style><\/div>\t\t<\/div>\n\t\t\t\t<\/div>\n\t\t\t\t\t<\/div>\r\n\t\t\t\t<\/div>\r\n\t\t\t\t\t<\/div>\r\n\t\t\t\t<\/section>\r\n\t\t\t\t<section class=\"elementor-section elementor-top-section elementor-element elementor-element-a95c7a2 elementor-section-boxed elementor-section-height-default elementor-section-height-default\" data-id=\"a95c7a2\" data-element_type=\"section\">\r\n\t\t\r\n\t\t\t\t\t\t\t<div class=\"elementor-container elementor-column-gap-default\">\r\n\t\t\t\t\t\t\t\t\t\t\t<div class=\"elementor-column elementor-col-25 elementor-top-column elementor-element elementor-element-48a02df\" data-id=\"48a02df\" data-element_type=\"column\">\r\n\t\t\t\t\t<div class=\"elementor-widget-wrap elementor-element-populated\">\r\n\t\t\t\t\t\t\t\t<div class=\"elementor-element elementor-element-8e351e3 e-transform elementor-invisible elementor-widget elementor-widget-porto_info_box\" data-id=\"8e351e3\" data-element_type=\"widget\" data-settings=\"{&quot;_transform_translateY_effect_hover&quot;:{&quot;unit&quot;:&quot;px&quot;,&quot;size&quot;:-10,&quot;sizes&quot;:[]},&quot;_animation&quot;:&quot;fadeInUp&quot;,&quot;_animation_delay&quot;:100,&quot;_transform_translateX_effect_hover&quot;:{&quot;unit&quot;:&quot;px&quot;,&quot;size&quot;:&quot;&quot;,&quot;sizes&quot;:[]},&quot;_transform_translateX_effect_hover_tablet&quot;:{&quot;unit&quot;:&quot;px&quot;,&quot;size&quot;:&quot;&quot;,&quot;sizes&quot;:[]},&quot;_transform_translateX_effect_hover_mobile&quot;:{&quot;unit&quot;:&quot;px&quot;,&quot;size&quot;:&quot;&quot;,&quot;sizes&quot;:[]},&quot;_transform_translateY_effect_hover_tablet&quot;:{&quot;unit&quot;:&quot;px&quot;,&quot;size&quot;:&quot;&quot;,&quot;sizes&quot;:[]},&quot;_transform_translateY_effect_hover_mobile&quot;:{&quot;unit&quot;:&quot;px&quot;,&quot;size&quot;:&quot;&quot;,&quot;sizes&quot;:[]}}\" data-widget_type=\"porto_info_box.default\">\n\t\t\t\t<div class=\"elementor-widget-container\">\n\t\t\t<div class=\"porto-sicon-box style_1 top-icon text-left\"><div class=\"porto-sicon-top\"><div id=\"porto-icon-128701764869e7539c958e5\" class=\"porto-just-icon-wrapper porto-sicon-img\" style=\"margin-bottom:24px;\"><img loading=\"lazy\" decoding=\"async\" class=\"img-icon\" alt=\"\" src=\"https:\/\/www.uvealiner.com\/wp-content\/uploads\/2024\/12\/Ruhsico.png\" width=\"98\" height=\"90\" \/><\/div><\/div><div class=\"porto-sicon-header\"><h3 class=\"porto-sicon-title\" style=\"\">Kolay ve H\u0131zl\u0131 Uygulama<\/h3><p >Geleneksel kaz\u0131 sistemlerine g\u00f6re h\u0131zl\u0131 ve kolay uygulama avantaj\u0131.<\/p><\/div> <!-- header --><\/div><!-- porto-sicon-box -->\t\t<\/div>\n\t\t\t\t<\/div>\n\t\t\t\t\t<\/div>\r\n\t\t\t\t<\/div>\r\n\t\t\t\t<div class=\"elementor-column elementor-col-25 elementor-top-column elementor-element elementor-element-dc487c2\" data-id=\"dc487c2\" data-element_type=\"column\">\r\n\t\t\t\t\t<div class=\"elementor-widget-wrap elementor-element-populated\">\r\n\t\t\t\t\t\t\t\t<div class=\"elementor-element elementor-element-ed8bbee e-transform elementor-invisible elementor-widget elementor-widget-porto_info_box\" data-id=\"ed8bbee\" data-element_type=\"widget\" data-settings=\"{&quot;_transform_translateY_effect_hover&quot;:{&quot;unit&quot;:&quot;px&quot;,&quot;size&quot;:-10,&quot;sizes&quot;:[]},&quot;_animation&quot;:&quot;fadeInUp&quot;,&quot;_animation_delay&quot;:400,&quot;_transform_translateX_effect_hover&quot;:{&quot;unit&quot;:&quot;px&quot;,&quot;size&quot;:&quot;&quot;,&quot;sizes&quot;:[]},&quot;_transform_translateX_effect_hover_tablet&quot;:{&quot;unit&quot;:&quot;px&quot;,&quot;size&quot;:&quot;&quot;,&quot;sizes&quot;:[]},&quot;_transform_translateX_effect_hover_mobile&quot;:{&quot;unit&quot;:&quot;px&quot;,&quot;size&quot;:&quot;&quot;,&quot;sizes&quot;:[]},&quot;_transform_translateY_effect_hover_tablet&quot;:{&quot;unit&quot;:&quot;px&quot;,&quot;size&quot;:&quot;&quot;,&quot;sizes&quot;:[]},&quot;_transform_translateY_effect_hover_mobile&quot;:{&quot;unit&quot;:&quot;px&quot;,&quot;size&quot;:&quot;&quot;,&quot;sizes&quot;:[]}}\" data-widget_type=\"porto_info_box.default\">\n\t\t\t\t<div class=\"elementor-widget-container\">\n\t\t\t<div class=\"porto-sicon-box style_1 top-icon text-left\"><div class=\"porto-sicon-top\"><div id=\"porto-icon-139048807869e7539c98be2\" class=\"porto-just-icon-wrapper porto-sicon-img\" style=\"margin-bottom:24px;\"><img loading=\"lazy\" decoding=\"async\" class=\"img-icon\" alt=\"\" src=\"https:\/\/www.uvealiner.com\/wp-content\/uploads\/2024\/12\/durable.png\" width=\"98\" height=\"90\" \/><\/div><\/div><div class=\"porto-sicon-header\"><h3 class=\"porto-sicon-title\" style=\"\">Dayan\u0131m ve Kullan\u0131m \u00d6mr\u00fc<\/h3><p >\u00dcst\u00fcn mukavemet de\u011ferlerine sahip, uzun \u00f6m\u00fcrl\u00fc.<\/p><\/div> <!-- header --><\/div><!-- porto-sicon-box -->\t\t<\/div>\n\t\t\t\t<\/div>\n\t\t\t\t\t<\/div>\r\n\t\t\t\t<\/div>\r\n\t\t\t\t<div class=\"elementor-column elementor-col-25 elementor-top-column elementor-element elementor-element-0b0b56d\" data-id=\"0b0b56d\" data-element_type=\"column\">\r\n\t\t\t\t\t<div class=\"elementor-widget-wrap elementor-element-populated\">\r\n\t\t\t\t\t\t\t\t<div class=\"elementor-element elementor-element-d28690a e-transform elementor-invisible elementor-widget elementor-widget-porto_info_box\" data-id=\"d28690a\" data-element_type=\"widget\" data-settings=\"{&quot;_transform_translateY_effect_hover&quot;:{&quot;unit&quot;:&quot;px&quot;,&quot;size&quot;:-10,&quot;sizes&quot;:[]},&quot;_animation&quot;:&quot;fadeInUp&quot;,&quot;_animation_delay&quot;:700,&quot;_transform_translateX_effect_hover&quot;:{&quot;unit&quot;:&quot;px&quot;,&quot;size&quot;:&quot;&quot;,&quot;sizes&quot;:[]},&quot;_transform_translateX_effect_hover_tablet&quot;:{&quot;unit&quot;:&quot;px&quot;,&quot;size&quot;:&quot;&quot;,&quot;sizes&quot;:[]},&quot;_transform_translateX_effect_hover_mobile&quot;:{&quot;unit&quot;:&quot;px&quot;,&quot;size&quot;:&quot;&quot;,&quot;sizes&quot;:[]},&quot;_transform_translateY_effect_hover_tablet&quot;:{&quot;unit&quot;:&quot;px&quot;,&quot;size&quot;:&quot;&quot;,&quot;sizes&quot;:[]},&quot;_transform_translateY_effect_hover_mobile&quot;:{&quot;unit&quot;:&quot;px&quot;,&quot;size&quot;:&quot;&quot;,&quot;sizes&quot;:[]}}\" data-widget_type=\"porto_info_box.default\">\n\t\t\t\t<div class=\"elementor-widget-container\">\n\t\t\t<div class=\"porto-sicon-box style_1 top-icon text-left\"><div class=\"porto-sicon-top\"><div id=\"porto-icon-133084513069e7539c9be49\" class=\"porto-just-icon-wrapper porto-sicon-img\" style=\"margin-bottom:24px;\"><img loading=\"lazy\" decoding=\"async\" class=\"img-icon\" alt=\"\" src=\"https:\/\/www.uvealiner.com\/wp-content\/uploads\/2024\/12\/insfrastrru.png\" width=\"98\" height=\"90\" \/><\/div><\/div><div class=\"porto-sicon-header\"><h3 class=\"porto-sicon-title\" style=\"\">Geni\u015f Uygulama Alanlar\u0131<\/h3><p >D\u00fcnya genelindeki en yayg\u0131n kaz\u0131s\u0131z boru hatt\u0131 yenileme tekni\u011fi.<\/p><\/div> <!-- header --><\/div><!-- porto-sicon-box -->\t\t<\/div>\n\t\t\t\t<\/div>\n\t\t\t\t\t<\/div>\r\n\t\t\t\t<\/div>\r\n\t\t\t\t<div class=\"elementor-column elementor-col-25 elementor-top-column elementor-element elementor-element-a12a47f\" data-id=\"a12a47f\" data-element_type=\"column\">\r\n\t\t\t\t\t<div class=\"elementor-widget-wrap elementor-element-populated\">\r\n\t\t\t\t\t\t\t\t<div class=\"elementor-element elementor-element-9c129b6 e-transform elementor-invisible elementor-widget elementor-widget-porto_info_box\" data-id=\"9c129b6\" data-element_type=\"widget\" data-settings=\"{&quot;_transform_translateY_effect_hover&quot;:{&quot;unit&quot;:&quot;px&quot;,&quot;size&quot;:-10,&quot;sizes&quot;:[]},&quot;_animation&quot;:&quot;fadeInUp&quot;,&quot;_animation_delay&quot;:1000,&quot;_transform_translateX_effect_hover&quot;:{&quot;unit&quot;:&quot;px&quot;,&quot;size&quot;:&quot;&quot;,&quot;sizes&quot;:[]},&quot;_transform_translateX_effect_hover_tablet&quot;:{&quot;unit&quot;:&quot;px&quot;,&quot;size&quot;:&quot;&quot;,&quot;sizes&quot;:[]},&quot;_transform_translateX_effect_hover_mobile&quot;:{&quot;unit&quot;:&quot;px&quot;,&quot;size&quot;:&quot;&quot;,&quot;sizes&quot;:[]},&quot;_transform_translateY_effect_hover_tablet&quot;:{&quot;unit&quot;:&quot;px&quot;,&quot;size&quot;:&quot;&quot;,&quot;sizes&quot;:[]},&quot;_transform_translateY_effect_hover_mobile&quot;:{&quot;unit&quot;:&quot;px&quot;,&quot;size&quot;:&quot;&quot;,&quot;sizes&quot;:[]}}\" data-widget_type=\"porto_info_box.default\">\n\t\t\t\t<div class=\"elementor-widget-container\">\n\t\t\t<div class=\"porto-sicon-box style_1 top-icon text-left\"><div class=\"porto-sicon-top\"><div id=\"porto-icon-123211511669e7539c9f2b5\" class=\"porto-just-icon-wrapper porto-sicon-img\" style=\"margin-bottom:24px;\"><img loading=\"lazy\" decoding=\"async\" class=\"img-icon\" alt=\"\" src=\"https:\/\/www.uvealiner.com\/wp-content\/uploads\/2024\/12\/planetsve.png\" width=\"98\" height=\"90\" \/><\/div><\/div><div class=\"porto-sicon-header\"><h3 class=\"porto-sicon-title\" style=\"\">\u00c7evre kirlili\u011fi ve sosyal maliyeti azaltmas\u0131<\/h3><p >CO\u2082 emisyon sal\u0131n\u0131m\u0131n\u0131, \u00e7evre ve g\u00fcr\u00fclt\u00fc kirlili\u011fini azaltmas\u0131.<\/p><\/div> <!-- header --><\/div><!-- porto-sicon-box -->\t\t<\/div>\n\t\t\t\t<\/div>\n\t\t\t\t\t<\/div>\r\n\t\t\t\t<\/div>\r\n\t\t\t\t\t<\/div>\r\n\t\t\t\t<\/section>\r\n\t\t\t\t\t\t\t<\/div>\n\t\t","protected":false},"excerpt":{"rendered":"<p>UVEA LINER AVANTAJLARI NELERD\u0130R? H\u0131zl\u0131 saha uygulamas\u0131 ile birka\u00e7 saat i\u00e7inde eski boru hatt\u0131n\u0131z\u0131n i\u00e7inde yeni bir boru hatt\u0131n\u0131z olur. Deprem diren\u00e7lidir. Korozyona u\u011framaz. T\u00fcm boru t\u00fcrlerine ve profillerine uygulanabilir. Kimyasal dayan\u0131m\u0131 y\u00fcksektir ve a\u015f\u0131nmaya dayan\u0131kl\u0131d\u0131r. \u00dcst\u00fcn mukavemet de\u011ferlerine sahiptir. Hafif oldu\u011fundan nakliye ve d\u00f6\u015feme maliyetlerinden tasarruf sa\u011flar. P\u00fcr\u00fczs\u00fcz i\u00e7 y\u00fczey sayesinde m\u00fckemmel hidrolik ak\u0131\u015f [&hellip;]<\/p>\n","protected":false},"author":1,"featured_media":0,"parent":0,"menu_order":0,"comment_status":"closed","ping_status":"closed","template":"","meta":{"footnotes":""},"class_list":["post-2943","page","type-page","status-publish","hentry"],"_links":{"self":[{"href":"https:\/\/www.uvealiner.com\/tr\/wp-json\/wp\/v2\/pages\/2943","targetHints":{"allow":["GET"]}}],"collection":[{"href":"https:\/\/www.uvealiner.com\/tr\/wp-json\/wp\/v2\/pages"}],"about":[{"href":"https:\/\/www.uvealiner.com\/tr\/wp-json\/wp\/v2\/types\/page"}],"author":[{"embeddable":true,"href":"https:\/\/www.uvealiner.com\/tr\/wp-json\/wp\/v2\/users\/1"}],"replies":[{"embeddable":true,"href":"https:\/\/www.uvealiner.com\/tr\/wp-json\/wp\/v2\/comments?post=2943"}],"version-history":[{"count":8,"href":"https:\/\/www.uvealiner.com\/tr\/wp-json\/wp\/v2\/pages\/2943\/revisions"}],"predecessor-version":[{"id":3297,"href":"https:\/\/www.uvealiner.com\/tr\/wp-json\/wp\/v2\/pages\/2943\/revisions\/3297"}],"wp:attachment":[{"href":"https:\/\/www.uvealiner.com\/tr\/wp-json\/wp\/v2\/media?parent=2943"}],"curies":[{"name":"wp","href":"https:\/\/api.w.org\/{rel}","templated":true}]}}