{"id":2933,"date":"2023-10-08T17:42:05","date_gmt":"2023-10-08T17:42:05","guid":{"rendered":"https:\/\/www.uvealiner.com\/cozumler\/"},"modified":"2024-12-27T19:14:59","modified_gmt":"2024-12-27T19:14:59","slug":"cozumler","status":"publish","type":"page","link":"https:\/\/www.uvealiner.com\/tr\/cozumler\/","title":{"rendered":"\u00c7\u00f6z\u00fcmler"},"content":{"rendered":"\t\t<div data-elementor-type=\"wp-page\" data-elementor-id=\"2933\" class=\"elementor elementor-2933 elementor-2927\">\n\t\t\t\t\t\t\t\t\t<div class=\"elementor-section elementor-top-section elementor-element elementor-element-d1ec098 m-t-xxl m-b-xlg pb-4 elementor-section-boxed elementor-section-height-default elementor-section-height-default\" data-id=\"d1ec098\" data-element_type=\"section\">\r\n\t\t\r\n\t\t\t\t\t\t\t<div class=\"elementor-container elementor-column-gap-default\">\r\n\t\t\t\t\t\t\t\t\t\t\t<div class=\"elementor-column elementor-col-50 elementor-top-column elementor-element elementor-element-f0efae0 mb-1\" data-id=\"f0efae0\" data-element_type=\"column\">\r\n\t\t\t\t\t<div class=\"elementor-widget-wrap elementor-element-populated\">\r\n\t\t\t\t\t\t\t\t<div class=\"elementor-element elementor-element-c173caa elementor-widget elementor-widget-heading\" data-id=\"c173caa\" data-element_type=\"widget\" data-widget_type=\"heading.default\">\n\t\t\t\t<div class=\"elementor-widget-container\">\n\t\t\t<style>\/*! elementor - v3.12.2 - 23-04-2023 *\/\n.elementor-heading-title{padding:0;margin:0;line-height:1}.elementor-widget-heading .elementor-heading-title[class*=elementor-size-]>a{color:inherit;font-size:inherit;line-height:inherit}.elementor-widget-heading .elementor-heading-title.elementor-size-small{font-size:15px}.elementor-widget-heading .elementor-heading-title.elementor-size-medium{font-size:19px}.elementor-widget-heading .elementor-heading-title.elementor-size-large{font-size:29px}.elementor-widget-heading .elementor-heading-title.elementor-size-xl{font-size:39px}.elementor-widget-heading .elementor-heading-title.elementor-size-xxl{font-size:59px}<\/style><h3 class=\"elementor-heading-title elementor-size-default\">KAZISIZ TEKNOLOJ\u0130: <\/br>\u015e\u0130MD\u0130 VE HER ZAMAN<\/h3>\t\t<\/div>\n\t\t\t\t<\/div>\n\t\t\t\t<div class=\"elementor-element elementor-element-5cf99e3 mb-4 elementor-widget elementor-widget-porto_ultimate_heading\" data-id=\"5cf99e3\" data-element_type=\"widget\" data-widget_type=\"porto_ultimate_heading.default\">\n\t\t\t\t<div class=\"elementor-widget-container\">\n\t\t\t<div class=\"porto-u-heading  porto-u-8285\"><div class=\"porto-u-sub-heading\" style=\"\"><p>Kaz\u0131s\u0131z teknoloji, altyap\u0131 boru hatlar\u0131 <strong>UVEA LINER<\/strong> ile art\u0131k m\u00fcmk\u00fcn.<\/p><ul><li>Depreme dayan\u0131kl\u0131,<\/li><li>Karbon sal\u0131n\u0131m\u0131n\u0131 azaltan,<\/li><li>H\u0131zl\u0131, ekonomik ve \u00e7evre dostu<\/li><\/ul><\/div><style>.porto-u-8285.porto-u-heading{text-align:left}<\/style><\/div>\t\t<\/div>\n\t\t\t\t<\/div>\n\t\t\t\t<div class=\"elementor-element elementor-element-bb143b1 mb-4 elementor-widget elementor-widget-porto_ultimate_heading\" data-id=\"bb143b1\" data-element_type=\"widget\" data-widget_type=\"porto_ultimate_heading.default\">\n\t\t\t\t<div class=\"elementor-widget-container\">\n\t\t\t<div class=\"porto-u-heading  porto-u-7691\"><div class=\"porto-u-sub-heading\" style=\"\"><p>Caddelerde ve sokaklarda<\/p><ul><li>Kaz\u0131 yapmadan,<\/li><li>G\u00fcr\u00fclt\u00fc-g\u00f6r\u00fcnt\u00fc kirlili\u011fi olu\u015fturmadan,<\/li><li>Trafik karma\u015fas\u0131 meydana getirmeden.<\/li><\/ul><\/div><style>.porto-u-7691.porto-u-heading{text-align:left}<\/style><\/div>\t\t<\/div>\n\t\t\t\t<\/div>\n\t\t\t\t<div class=\"elementor-element elementor-element-47d8c89 mb-4 pb-2 elementor-widget elementor-widget-heading\" data-id=\"47d8c89\" data-element_type=\"widget\" data-widget_type=\"heading.default\">\n\t\t\t\t<div class=\"elementor-widget-container\">\n\t\t\t<p class=\"elementor-heading-title elementor-size-default\">Eskimi\u015f, hasarl\u0131 (\u00e7atlak, k\u0131r\u0131k vb.) ve a\u015f\u0131nm\u0131\u015f altyap\u0131 boru hatlar\u0131, UVEA LINER ile yeniden hayat buluyor. 150 mm ile 1600 mm \u00e7aplar aras\u0131nda 50 y\u0131ll\u0131k hizmet \u00f6mr\u00fcne sahip y\u00fcksek dayan\u0131ml\u0131 yeni bir boru hatt\u0131 i\u00e7in \u00e7\u00f6z\u00fcm <b>UVEA LINER<\/b>.<\/p>\t\t<\/div>\n\t\t\t\t<\/div>\n\t\t\t\t\t<\/div>\r\n\t\t\t\t<\/div>\r\n\t\t\t\t<div class=\"elementor-column elementor-col-50 elementor-top-column elementor-element elementor-element-80322ce\" data-id=\"80322ce\" data-element_type=\"column\">\r\n\t\t\t\t\t<div class=\"elementor-widget-wrap elementor-element-populated\">\r\n\t\t\t\t\t\t\t\t<div class=\"elementor-section elementor-inner-section elementor-element elementor-element-cb682fd custom-gallery elementor-section-boxed elementor-section-height-default elementor-section-height-default\" data-id=\"cb682fd\" data-element_type=\"section\">\r\n\t\t\r\n\t\t\t\t\t\t\t<div class=\"elementor-container elementor-column-gap-no\">\r\n\t\t\t\t\t\t\t\t\t\t\t<div class=\"elementor-column elementor-col-100 elementor-inner-column elementor-element elementor-element-e6842fb w-100 position-absolute\" data-id=\"e6842fb\" data-element_type=\"column\">\r\n\t\t\t\t\t<div data-plugin-float-element=\"\" data-plugin-options=\"{&quot;startPos&quot;:&quot;top&quot;,&quot;speed&quot;:&quot;9.6&quot;,&quot;transition&quot;:true,&quot;horizontal&quot;:false,&quot;transitionDuration&quot;:1000}\" class=\"elementor-widget-wrap elementor-element-populated\">\r\n\t\t\t\t\t\t\t\t<div class=\"elementor-element elementor-element-b2b5291 elementor-widget elementor-widget-video\" data-id=\"b2b5291\" data-element_type=\"widget\" data-settings=\"{&quot;youtube_url&quot;:&quot;#&quot;,&quot;video_type&quot;:&quot;youtube&quot;,&quot;controls&quot;:&quot;yes&quot;}\" data-widget_type=\"video.default\">\n\t\t\t\t<div class=\"elementor-widget-container\">\n\t\t\t<style>\/*! elementor - v3.12.2 - 23-04-2023 *\/\n.elementor-widget-video .elementor-widget-container{overflow:hidden;transform:translateZ(0)}.elementor-widget-video .elementor-wrapper iframe,.elementor-widget-video .elementor-wrapper video{height:100%;width:100%;display:flex;border:none;background-color:#000}.elementor-widget-video .elementor-open-inline .elementor-custom-embed-image-overlay{position:absolute;top:0;left:0;width:100%;height:100%;background-size:cover;background-position:50%}.elementor-widget-video .elementor-custom-embed-image-overlay{cursor:pointer;text-align:center}.elementor-widget-video .elementor-custom-embed-image-overlay:hover .elementor-custom-embed-play i{opacity:1}.elementor-widget-video .elementor-custom-embed-image-overlay img{display:block;width:100%}.elementor-widget-video .e-hosted-video .elementor-video{-o-object-fit:cover;object-fit:cover}.e-con-inner>.elementor-widget-video,.e-con>.elementor-widget-video{width:var(--container-widget-width);--flex-grow:var(--container-widget-flex-grow)}<\/style>\t\t<div class=\"elementor-wrapper elementor-open-inline\">\n\t\t\t<div class=\"elementor-video\"><\/div>\t\t<\/div>\n\t\t\t\t<\/div>\n\t\t\t\t<\/div>\n\t\t\t\t\t<\/div>\r\n\t\t\t\t<\/div>\r\n\t\t\t\t\t<\/div>\r\n\t\t\t\t<\/div>\r\n\t\t\t\t<div class=\"elementor-section elementor-inner-section elementor-element elementor-element-5d88a1c custom-gallery elementor-section-boxed elementor-section-height-default elementor-section-height-default\" data-id=\"5d88a1c\" data-element_type=\"section\">\r\n\t\t\r\n\t\t\t\t\t\t\t<div class=\"elementor-container elementor-column-gap-no\">\r\n\t\t\t\t\t\t\t\t\t\t\t<div class=\"elementor-column elementor-col-100 elementor-inner-column elementor-element elementor-element-278eb34 w-100 position-absolute\" data-id=\"278eb34\" data-element_type=\"column\">\r\n\t\t\t\t\t<div data-plugin-float-element=\"\" data-plugin-options=\"{&quot;startPos&quot;:&quot;top&quot;,&quot;speed&quot;:&quot;9.6&quot;,&quot;transition&quot;:true,&quot;horizontal&quot;:false,&quot;transitionDuration&quot;:1000}\" class=\"elementor-widget-wrap elementor-element-populated\">\r\n\t\t\t\t\t\t\t\t<div class=\"elementor-element elementor-element-8cd737e w-100 elementor-widget__width-initial elementor-invisible elementor-widget elementor-widget-image\" data-id=\"8cd737e\" data-element_type=\"widget\" data-settings=\"{&quot;_animation&quot;:&quot;zoomIn&quot;,&quot;_animation_delay&quot;:600}\" data-widget_type=\"image.default\">\n\t\t\t\t<div class=\"elementor-widget-container\">\n\t\t\t<style>\/*! elementor - v3.12.2 - 23-04-2023 *\/\n.elementor-widget-image{text-align:center}.elementor-widget-image a{display:inline-block}.elementor-widget-image a img[src$=\".svg\"]{width:48px}.elementor-widget-image img{vertical-align:middle;display:inline-block}<\/style>\t\t\t\t\t\t\t\t\t\t\t\t<img loading=\"lazy\" decoding=\"async\" width=\"960\" height=\"600\" src=\"https:\/\/www.uvealiner.com\/wp-content\/uploads\/2024\/12\/Banners-1-2-1.jpg\" class=\"attachment-full size-full wp-image-3284\" alt=\"\" srcset=\"https:\/\/www.uvealiner.com\/wp-content\/uploads\/2024\/12\/Banners-1-2-1.jpg 960w, https:\/\/www.uvealiner.com\/wp-content\/uploads\/2024\/12\/Banners-1-2-1-768x480.jpg 768w, https:\/\/www.uvealiner.com\/wp-content\/uploads\/2024\/12\/Banners-1-2-1-320x200.jpg 320w, https:\/\/www.uvealiner.com\/wp-content\/uploads\/2024\/12\/Banners-1-2-1-480x300.jpg 480w, https:\/\/www.uvealiner.com\/wp-content\/uploads\/2024\/12\/Banners-1-2-1-800x500.jpg 800w, https:\/\/www.uvealiner.com\/wp-content\/uploads\/2024\/12\/Banners-1-2-1-640x400.jpg 640w, https:\/\/www.uvealiner.com\/wp-content\/uploads\/2024\/12\/Banners-1-2-1-400x250.jpg 400w, https:\/\/www.uvealiner.com\/wp-content\/uploads\/2024\/12\/Banners-1-2-1-367x229.jpg 367w\" sizes=\"auto, (max-width: 960px) 100vw, 960px\" \/>\t\t\t\t\t\t\t\t\t\t\t\t\t\t\t<\/div>\n\t\t\t\t<\/div>\n\t\t\t\t\t<\/div>\r\n\t\t\t\t<\/div>\r\n\t\t\t\t\t<\/div>\r\n\t\t\t\t<\/div>\r\n\t\t\t\t\t<\/div>\r\n\t\t\t\t<\/div>\r\n\t\t\t\t\t<\/div>\r\n\t\t\t\t<\/div>\r\n\t\t\t\t<div class=\"elementor-section elementor-top-section elementor-element elementor-element-e4bc4fb mt-3 p-t-md m-b-lg elementor-section-boxed elementor-section-height-default elementor-section-height-default\" data-id=\"e4bc4fb\" data-element_type=\"section\" data-settings=\"{&quot;background_background&quot;:&quot;classic&quot;}\">\r\n\t\t\r\n\t\t\t\t\t\t\t<div class=\"elementor-container elementor-column-gap-default\">\r\n\t\t\t\t\t\t\t\t\t\t\t<div class=\"elementor-column elementor-col-25 elementor-top-column elementor-element elementor-element-0adc1f3\" data-id=\"0adc1f3\" data-element_type=\"column\">\r\n\t\t\t\t\t<div class=\"elementor-widget-wrap elementor-element-populated\">\r\n\t\t\t\t\t\t\t\t<div class=\"elementor-element elementor-element-888c173 e-transform elementor-invisible elementor-widget elementor-widget-porto_info_box\" data-id=\"888c173\" data-element_type=\"widget\" data-settings=\"{&quot;_transform_translateY_effect_hover&quot;:{&quot;unit&quot;:&quot;px&quot;,&quot;size&quot;:-10,&quot;sizes&quot;:[]},&quot;_animation&quot;:&quot;fadeInUp&quot;,&quot;_animation_delay&quot;:100,&quot;_transform_translateX_effect_hover&quot;:{&quot;unit&quot;:&quot;px&quot;,&quot;size&quot;:&quot;&quot;,&quot;sizes&quot;:[]},&quot;_transform_translateX_effect_hover_tablet&quot;:{&quot;unit&quot;:&quot;px&quot;,&quot;size&quot;:&quot;&quot;,&quot;sizes&quot;:[]},&quot;_transform_translateX_effect_hover_mobile&quot;:{&quot;unit&quot;:&quot;px&quot;,&quot;size&quot;:&quot;&quot;,&quot;sizes&quot;:[]},&quot;_transform_translateY_effect_hover_tablet&quot;:{&quot;unit&quot;:&quot;px&quot;,&quot;size&quot;:&quot;&quot;,&quot;sizes&quot;:[]},&quot;_transform_translateY_effect_hover_mobile&quot;:{&quot;unit&quot;:&quot;px&quot;,&quot;size&quot;:&quot;&quot;,&quot;sizes&quot;:[]}}\" data-widget_type=\"porto_info_box.default\">\n\t\t\t\t<div class=\"elementor-widget-container\">\n\t\t\t<div class=\"porto-sicon-box style_1 top-icon text-left\"><div class=\"porto-sicon-top\"><div id=\"porto-icon-200554054169e18e457bb12\" class=\"porto-just-icon-wrapper porto-sicon-img\" style=\"margin-bottom:24px;\"><img loading=\"lazy\" decoding=\"async\" class=\"img-icon\" alt=\"\" src=\"https:\/\/www.uvealiner.com\/wp-content\/uploads\/2024\/12\/Ruhsico.png\" width=\"98\" height=\"90\" \/><\/div><\/div><div class=\"porto-sicon-header\"><h3 class=\"porto-sicon-title\" style=\"\">Kolay ve H\u0131zl\u0131 Uygulama<\/h3><p >Geleneksel kaz\u0131 sistemlerine g\u00f6re h\u0131zl\u0131 ve kolay uygulama avantaj\u0131.<\/p><\/div> <!-- header --><\/div><!-- porto-sicon-box -->\t\t<\/div>\n\t\t\t\t<\/div>\n\t\t\t\t\t<\/div>\r\n\t\t\t\t<\/div>\r\n\t\t\t\t<div class=\"elementor-column elementor-col-25 elementor-top-column elementor-element elementor-element-76d5977\" data-id=\"76d5977\" data-element_type=\"column\">\r\n\t\t\t\t\t<div class=\"elementor-widget-wrap elementor-element-populated\">\r\n\t\t\t\t\t\t\t\t<div class=\"elementor-element elementor-element-87658b6 e-transform elementor-invisible elementor-widget elementor-widget-porto_info_box\" data-id=\"87658b6\" data-element_type=\"widget\" data-settings=\"{&quot;_transform_translateY_effect_hover&quot;:{&quot;unit&quot;:&quot;px&quot;,&quot;size&quot;:-10,&quot;sizes&quot;:[]},&quot;_animation&quot;:&quot;fadeInUp&quot;,&quot;_animation_delay&quot;:400,&quot;_transform_translateX_effect_hover&quot;:{&quot;unit&quot;:&quot;px&quot;,&quot;size&quot;:&quot;&quot;,&quot;sizes&quot;:[]},&quot;_transform_translateX_effect_hover_tablet&quot;:{&quot;unit&quot;:&quot;px&quot;,&quot;size&quot;:&quot;&quot;,&quot;sizes&quot;:[]},&quot;_transform_translateX_effect_hover_mobile&quot;:{&quot;unit&quot;:&quot;px&quot;,&quot;size&quot;:&quot;&quot;,&quot;sizes&quot;:[]},&quot;_transform_translateY_effect_hover_tablet&quot;:{&quot;unit&quot;:&quot;px&quot;,&quot;size&quot;:&quot;&quot;,&quot;sizes&quot;:[]},&quot;_transform_translateY_effect_hover_mobile&quot;:{&quot;unit&quot;:&quot;px&quot;,&quot;size&quot;:&quot;&quot;,&quot;sizes&quot;:[]}}\" data-widget_type=\"porto_info_box.default\">\n\t\t\t\t<div class=\"elementor-widget-container\">\n\t\t\t<div class=\"porto-sicon-box style_1 top-icon text-left\"><div class=\"porto-sicon-top\"><div id=\"porto-icon-127305151569e18e457d545\" class=\"porto-just-icon-wrapper porto-sicon-img\" style=\"margin-bottom:24px;\"><img loading=\"lazy\" decoding=\"async\" class=\"img-icon\" alt=\"\" src=\"https:\/\/www.uvealiner.com\/wp-content\/uploads\/2024\/12\/durable.png\" width=\"98\" height=\"90\" \/><\/div><\/div><div class=\"porto-sicon-header\"><h3 class=\"porto-sicon-title\" style=\"\">Dayan\u0131m ve Kullan\u0131m \u00d6mr\u00fc<\/h3><p >\u00dcst\u00fcn mukavemet de\u011ferlerine sahip, uzun \u00f6m\u00fcrl\u00fc.<\/p><\/div> <!-- header --><\/div><!-- porto-sicon-box -->\t\t<\/div>\n\t\t\t\t<\/div>\n\t\t\t\t\t<\/div>\r\n\t\t\t\t<\/div>\r\n\t\t\t\t<div class=\"elementor-column elementor-col-25 elementor-top-column elementor-element elementor-element-ad27f0c\" data-id=\"ad27f0c\" data-element_type=\"column\">\r\n\t\t\t\t\t<div class=\"elementor-widget-wrap elementor-element-populated\">\r\n\t\t\t\t\t\t\t\t<div class=\"elementor-element elementor-element-31d531a e-transform elementor-invisible elementor-widget elementor-widget-porto_info_box\" data-id=\"31d531a\" data-element_type=\"widget\" data-settings=\"{&quot;_transform_translateY_effect_hover&quot;:{&quot;unit&quot;:&quot;px&quot;,&quot;size&quot;:-10,&quot;sizes&quot;:[]},&quot;_animation&quot;:&quot;fadeInUp&quot;,&quot;_animation_delay&quot;:700,&quot;_transform_translateX_effect_hover&quot;:{&quot;unit&quot;:&quot;px&quot;,&quot;size&quot;:&quot;&quot;,&quot;sizes&quot;:[]},&quot;_transform_translateX_effect_hover_tablet&quot;:{&quot;unit&quot;:&quot;px&quot;,&quot;size&quot;:&quot;&quot;,&quot;sizes&quot;:[]},&quot;_transform_translateX_effect_hover_mobile&quot;:{&quot;unit&quot;:&quot;px&quot;,&quot;size&quot;:&quot;&quot;,&quot;sizes&quot;:[]},&quot;_transform_translateY_effect_hover_tablet&quot;:{&quot;unit&quot;:&quot;px&quot;,&quot;size&quot;:&quot;&quot;,&quot;sizes&quot;:[]},&quot;_transform_translateY_effect_hover_mobile&quot;:{&quot;unit&quot;:&quot;px&quot;,&quot;size&quot;:&quot;&quot;,&quot;sizes&quot;:[]}}\" data-widget_type=\"porto_info_box.default\">\n\t\t\t\t<div class=\"elementor-widget-container\">\n\t\t\t<div class=\"porto-sicon-box style_1 top-icon text-left\"><div class=\"porto-sicon-top\"><div id=\"porto-icon-39408069169e18e457ef47\" class=\"porto-just-icon-wrapper porto-sicon-img\" style=\"margin-bottom:24px;\"><img loading=\"lazy\" decoding=\"async\" class=\"img-icon\" alt=\"\" src=\"https:\/\/www.uvealiner.com\/wp-content\/uploads\/2024\/12\/insfrastrru.png\" width=\"98\" height=\"90\" \/><\/div><\/div><div class=\"porto-sicon-header\"><h3 class=\"porto-sicon-title\" style=\"\">Geni\u015f Uygulama Alanlar\u0131<\/h3><p >D\u00fcnya genelindeki en yayg\u0131n kaz\u0131s\u0131z boru hatt\u0131 yenileme tekni\u011fi.<\/p><\/div> <!-- header --><\/div><!-- porto-sicon-box -->\t\t<\/div>\n\t\t\t\t<\/div>\n\t\t\t\t\t<\/div>\r\n\t\t\t\t<\/div>\r\n\t\t\t\t<div class=\"elementor-column elementor-col-25 elementor-top-column elementor-element elementor-element-a50c6af\" data-id=\"a50c6af\" data-element_type=\"column\">\r\n\t\t\t\t\t<div class=\"elementor-widget-wrap elementor-element-populated\">\r\n\t\t\t\t\t\t\t\t<div class=\"elementor-element elementor-element-06c3de9 e-transform elementor-invisible elementor-widget elementor-widget-porto_info_box\" data-id=\"06c3de9\" data-element_type=\"widget\" data-settings=\"{&quot;_transform_translateY_effect_hover&quot;:{&quot;unit&quot;:&quot;px&quot;,&quot;size&quot;:-10,&quot;sizes&quot;:[]},&quot;_animation&quot;:&quot;fadeInUp&quot;,&quot;_animation_delay&quot;:1000,&quot;_transform_translateX_effect_hover&quot;:{&quot;unit&quot;:&quot;px&quot;,&quot;size&quot;:&quot;&quot;,&quot;sizes&quot;:[]},&quot;_transform_translateX_effect_hover_tablet&quot;:{&quot;unit&quot;:&quot;px&quot;,&quot;size&quot;:&quot;&quot;,&quot;sizes&quot;:[]},&quot;_transform_translateX_effect_hover_mobile&quot;:{&quot;unit&quot;:&quot;px&quot;,&quot;size&quot;:&quot;&quot;,&quot;sizes&quot;:[]},&quot;_transform_translateY_effect_hover_tablet&quot;:{&quot;unit&quot;:&quot;px&quot;,&quot;size&quot;:&quot;&quot;,&quot;sizes&quot;:[]},&quot;_transform_translateY_effect_hover_mobile&quot;:{&quot;unit&quot;:&quot;px&quot;,&quot;size&quot;:&quot;&quot;,&quot;sizes&quot;:[]}}\" data-widget_type=\"porto_info_box.default\">\n\t\t\t\t<div class=\"elementor-widget-container\">\n\t\t\t<div class=\"porto-sicon-box style_1 top-icon text-left\"><div class=\"porto-sicon-top\"><div id=\"porto-icon-33303911569e18e4580890\" class=\"porto-just-icon-wrapper porto-sicon-img\" style=\"margin-bottom:24px;\"><img loading=\"lazy\" decoding=\"async\" class=\"img-icon\" alt=\"\" src=\"https:\/\/www.uvealiner.com\/wp-content\/uploads\/2024\/12\/planetsve.png\" width=\"98\" height=\"90\" \/><\/div><\/div><div class=\"porto-sicon-header\"><h3 class=\"porto-sicon-title\" style=\"\">\u00c7evre kirlili\u011fi ve sosyal maliyeti azaltmas\u0131<\/h3><p >CO\u2082 emisyon sal\u0131n\u0131m\u0131n\u0131, \u00e7evre ve g\u00fcr\u00fclt\u00fc kirlili\u011fini azaltmas\u0131.<\/p><\/div> <!-- header --><\/div><!-- porto-sicon-box -->\t\t<\/div>\n\t\t\t\t<\/div>\n\t\t\t\t\t<\/div>\r\n\t\t\t\t<\/div>\r\n\t\t\t\t\t<\/div>\r\n\t\t\t\t<\/div>\r\n\t\t\t\t\t\t\t<\/div>\n\t\t","protected":false},"excerpt":{"rendered":"<p>KAZISIZ TEKNOLOJ\u0130: \u015e\u0130MD\u0130 VE HER ZAMAN Kaz\u0131s\u0131z teknoloji, altyap\u0131 boru hatlar\u0131 UVEA LINER ile art\u0131k m\u00fcmk\u00fcn. Depreme dayan\u0131kl\u0131, Karbon sal\u0131n\u0131m\u0131n\u0131 azaltan, H\u0131zl\u0131, ekonomik ve \u00e7evre dostu Caddelerde ve sokaklarda Kaz\u0131 yapmadan, G\u00fcr\u00fclt\u00fc-g\u00f6r\u00fcnt\u00fc kirlili\u011fi olu\u015fturmadan, Trafik karma\u015fas\u0131 meydana getirmeden. Eskimi\u015f, hasarl\u0131 (\u00e7atlak, k\u0131r\u0131k vb.) ve a\u015f\u0131nm\u0131\u015f altyap\u0131 boru hatlar\u0131, UVEA LINER ile yeniden hayat buluyor. 150 [&hellip;]<\/p>\n","protected":false},"author":1,"featured_media":0,"parent":0,"menu_order":0,"comment_status":"closed","ping_status":"closed","template":"","meta":{"footnotes":""},"class_list":["post-2933","page","type-page","status-publish","hentry"],"_links":{"self":[{"href":"https:\/\/www.uvealiner.com\/tr\/wp-json\/wp\/v2\/pages\/2933","targetHints":{"allow":["GET"]}}],"collection":[{"href":"https:\/\/www.uvealiner.com\/tr\/wp-json\/wp\/v2\/pages"}],"about":[{"href":"https:\/\/www.uvealiner.com\/tr\/wp-json\/wp\/v2\/types\/page"}],"author":[{"embeddable":true,"href":"https:\/\/www.uvealiner.com\/tr\/wp-json\/wp\/v2\/users\/1"}],"replies":[{"embeddable":true,"href":"https:\/\/www.uvealiner.com\/tr\/wp-json\/wp\/v2\/comments?post=2933"}],"version-history":[{"count":9,"href":"https:\/\/www.uvealiner.com\/tr\/wp-json\/wp\/v2\/pages\/2933\/revisions"}],"predecessor-version":[{"id":3291,"href":"https:\/\/www.uvealiner.com\/tr\/wp-json\/wp\/v2\/pages\/2933\/revisions\/3291"}],"wp:attachment":[{"href":"https:\/\/www.uvealiner.com\/tr\/wp-json\/wp\/v2\/media?parent=2933"}],"curies":[{"name":"wp","href":"https:\/\/api.w.org\/{rel}","templated":true}]}}