{"id":2910,"date":"2023-09-17T10:26:20","date_gmt":"2023-09-17T10:26:20","guid":{"rendered":"https:\/\/www.uvealiner.com\/urunler\/"},"modified":"2024-12-27T19:28:23","modified_gmt":"2024-12-27T19:28:23","slug":"urunler","status":"publish","type":"page","link":"https:\/\/www.uvealiner.com\/tr\/urunler\/","title":{"rendered":"\u00dcr\u00fcnler"},"content":{"rendered":"\t\t<div data-elementor-type=\"wp-page\" data-elementor-id=\"2910\" class=\"elementor elementor-2910 elementor-2881\">\n\t\t\t\t\t\t\t\t\t<div class=\"elementor-section elementor-top-section elementor-element elementor-element-ce59212 m-t-xxl m-b-xlg pb-4 elementor-section-boxed elementor-section-height-default elementor-section-height-default\" data-id=\"ce59212\" data-element_type=\"section\">\r\n\t\t\r\n\t\t\t\t\t\t\t<div class=\"elementor-container elementor-column-gap-default\">\r\n\t\t\t\t\t\t\t\t\t\t\t<div class=\"elementor-column elementor-col-50 elementor-top-column elementor-element elementor-element-634efaf mb-1\" data-id=\"634efaf\" data-element_type=\"column\">\r\n\t\t\t\t\t<div class=\"elementor-widget-wrap elementor-element-populated\">\r\n\t\t\t\t\t\t\t\t<div class=\"elementor-section elementor-inner-section elementor-element elementor-element-1a9d58d custom-gallery elementor-section-boxed elementor-section-height-default elementor-section-height-default\" data-id=\"1a9d58d\" data-element_type=\"section\">\r\n\t\t\r\n\t\t\t\t\t\t\t<div class=\"elementor-container elementor-column-gap-no\">\r\n\t\t\t\t\t\t\t\t\t\t\t<div class=\"elementor-column elementor-col-100 elementor-inner-column elementor-element elementor-element-b4f4f20 w-100 position-absolute\" data-id=\"b4f4f20\" data-element_type=\"column\">\r\n\t\t\t\t\t<div data-plugin-float-element=\"\" data-plugin-options=\"{&quot;startPos&quot;:&quot;top&quot;,&quot;speed&quot;:&quot;9.6&quot;,&quot;transition&quot;:true,&quot;horizontal&quot;:false,&quot;transitionDuration&quot;:1000}\" class=\"elementor-widget-wrap elementor-element-populated\">\r\n\t\t\t\t\t\t\t\t<div class=\"elementor-element elementor-element-196668b w-100 elementor-widget__width-initial elementor-invisible elementor-widget elementor-widget-image\" data-id=\"196668b\" data-element_type=\"widget\" data-settings=\"{&quot;_animation&quot;:&quot;zoomIn&quot;,&quot;_animation_delay&quot;:600}\" data-widget_type=\"image.default\">\n\t\t\t\t<div class=\"elementor-widget-container\">\n\t\t\t<style>\/*! elementor - v3.12.2 - 23-04-2023 *\/\n.elementor-widget-image{text-align:center}.elementor-widget-image a{display:inline-block}.elementor-widget-image a img[src$=\".svg\"]{width:48px}.elementor-widget-image img{vertical-align:middle;display:inline-block}<\/style>\t\t\t\t\t\t\t\t\t\t\t\t<img loading=\"lazy\" decoding=\"async\" width=\"960\" height=\"600\" src=\"https:\/\/www.uvealiner.com\/wp-content\/uploads\/2024\/12\/Banners-1-1.jpg\" class=\"attachment-full size-full wp-image-3050\" alt=\"\" srcset=\"https:\/\/www.uvealiner.com\/wp-content\/uploads\/2024\/12\/Banners-1-1.jpg 960w, https:\/\/www.uvealiner.com\/wp-content\/uploads\/2024\/12\/Banners-1-1-768x480.jpg 768w, https:\/\/www.uvealiner.com\/wp-content\/uploads\/2024\/12\/Banners-1-1-320x200.jpg 320w, https:\/\/www.uvealiner.com\/wp-content\/uploads\/2024\/12\/Banners-1-1-480x300.jpg 480w, https:\/\/www.uvealiner.com\/wp-content\/uploads\/2024\/12\/Banners-1-1-800x500.jpg 800w, https:\/\/www.uvealiner.com\/wp-content\/uploads\/2024\/12\/Banners-1-1-640x400.jpg 640w, https:\/\/www.uvealiner.com\/wp-content\/uploads\/2024\/12\/Banners-1-1-400x250.jpg 400w, https:\/\/www.uvealiner.com\/wp-content\/uploads\/2024\/12\/Banners-1-1-367x229.jpg 367w\" sizes=\"auto, (max-width: 960px) 100vw, 960px\" \/>\t\t\t\t\t\t\t\t\t\t\t\t\t\t\t<\/div>\n\t\t\t\t<\/div>\n\t\t\t\t\t<\/div>\r\n\t\t\t\t<\/div>\r\n\t\t\t\t\t<\/div>\r\n\t\t\t\t<\/div>\r\n\t\t\t\t\t<\/div>\r\n\t\t\t\t<\/div>\r\n\t\t\t\t<div class=\"elementor-column elementor-col-50 elementor-top-column elementor-element elementor-element-39c1058\" data-id=\"39c1058\" data-element_type=\"column\">\r\n\t\t\t\t\t<div class=\"elementor-widget-wrap elementor-element-populated\">\r\n\t\t\t\t\t\t\t\t<div class=\"elementor-element elementor-element-9e6d904 elementor-widget elementor-widget-heading\" data-id=\"9e6d904\" data-element_type=\"widget\" data-widget_type=\"heading.default\">\n\t\t\t\t<div class=\"elementor-widget-container\">\n\t\t\t<style>\/*! elementor - v3.12.2 - 23-04-2023 *\/\n.elementor-heading-title{padding:0;margin:0;line-height:1}.elementor-widget-heading .elementor-heading-title[class*=elementor-size-]>a{color:inherit;font-size:inherit;line-height:inherit}.elementor-widget-heading .elementor-heading-title.elementor-size-small{font-size:15px}.elementor-widget-heading .elementor-heading-title.elementor-size-medium{font-size:19px}.elementor-widget-heading .elementor-heading-title.elementor-size-large{font-size:29px}.elementor-widget-heading .elementor-heading-title.elementor-size-xl{font-size:39px}.elementor-widget-heading .elementor-heading-title.elementor-size-xxl{font-size:59px}<\/style><h3 class=\"elementor-heading-title elementor-size-default\">BORU HATLARININ KAZISIZ YEN\u0130LENMES\u0130 <\/br>\u0130\u00c7\u0130N KOMPOZ\u0130T ASTAR (LINER)<\/h3>\t\t<\/div>\n\t\t\t\t<\/div>\n\t\t\t\t<div class=\"elementor-element elementor-element-a0ef850 mb-4 elementor-widget elementor-widget-porto_ultimate_heading\" data-id=\"a0ef850\" data-element_type=\"widget\" data-widget_type=\"porto_ultimate_heading.default\">\n\t\t\t\t<div class=\"elementor-widget-container\">\n\t\t\t<div class=\"porto-u-heading  porto-u-9202\"><div class=\"porto-u-sub-heading\" style=\"\"><p>Boru hatlar\u0131n\u0131n kaz\u0131 yap\u0131lmadan yenilenmesi i\u00e7in son teknoloji ile \u00fcretilen ve sahada UV \u0131\u015f\u0131\u011f\u0131yla sertle\u015ftirilerek mevcut boru i\u00e7inde yeni bir boru olu\u015fturan kompozit astar (liner) \u00fcr\u00fcn\u00fcm\u00fcz EN ISO 11296-4 standard\u0131 ile uyumludur.<\/p><\/div><style>.porto-u-9202.porto-u-heading{text-align:left}<\/style><\/div>\t\t<\/div>\n\t\t\t\t<\/div>\n\t\t\t\t<div class=\"elementor-element elementor-element-4db3615 mb-4 pb-2 elementor-widget elementor-widget-heading\" data-id=\"4db3615\" data-element_type=\"widget\" data-widget_type=\"heading.default\">\n\t\t\t\t<div class=\"elementor-widget-container\">\n\t\t\t<p class=\"elementor-heading-title elementor-size-default\">150 mm ile 1600 mm \u00e7aplar aras\u0131ndaki eskimi\u015f, hasarl\u0131 (\u00e7atlak, k\u0131r\u0131k vb.) ve a\u015f\u0131nm\u0131\u015f borular UVEA LINER ile h\u0131zl\u0131 ve ekonomik bir \u015fekilde kaz\u0131s\u0131z yenilenerek ilave 50 y\u0131l hizmet \u00f6mr\u00fc elde edebilirler.<\/p>\t\t<\/div>\n\t\t\t\t<\/div>\n\t\t\t\t<div class=\"elementor-element elementor-element-b32a3cb mb-4 pb-2 elementor-widget elementor-widget-heading\" data-id=\"b32a3cb\" data-element_type=\"widget\" data-widget_type=\"heading.default\">\n\t\t\t\t<div class=\"elementor-widget-container\">\n\t\t\t<p class=\"elementor-heading-title elementor-size-default\">\u00dcst\u00fcn mekanik ve kimyasal \u00f6zelliklere sahip UP\/VE re\u00e7ine ile ECR cam elyaf\u0131n koruyucu i\u00e7 ve d\u0131\u015f folyolar aras\u0131nda meydana getirdi\u011fi kompozit yap\u0131dan olu\u015fan <b>UVEA LINER<\/b>, \u015fehir konforunu \u00f6ne \u00e7\u0131karan \u00e7evre dostu modern uygulamalara pencere a\u00e7maktad\u0131r.<\/p>\t\t<\/div>\n\t\t\t\t<\/div>\n\t\t\t\t\t<\/div>\r\n\t\t\t\t<\/div>\r\n\t\t\t\t\t<\/div>\r\n\t\t\t\t<\/div>\r\n\t\t\t\t<div class=\"elementor-section elementor-top-section elementor-element elementor-element-cdb30f0 mt-3 p-t-md m-b-lg elementor-section-boxed elementor-section-height-default elementor-section-height-default\" data-id=\"cdb30f0\" data-element_type=\"section\" data-settings=\"{&quot;background_background&quot;:&quot;classic&quot;}\">\r\n\t\t\r\n\t\t\t\t\t\t\t<div class=\"elementor-container elementor-column-gap-default\">\r\n\t\t\t\t\t\t\t\t\t\t\t<div class=\"elementor-column elementor-col-25 elementor-top-column elementor-element elementor-element-0967a53\" data-id=\"0967a53\" data-element_type=\"column\">\r\n\t\t\t\t\t<div class=\"elementor-widget-wrap elementor-element-populated\">\r\n\t\t\t\t\t\t\t\t<div class=\"elementor-element elementor-element-56fe7a7 e-transform elementor-invisible elementor-widget elementor-widget-porto_info_box\" data-id=\"56fe7a7\" data-element_type=\"widget\" data-settings=\"{&quot;_transform_translateY_effect_hover&quot;:{&quot;unit&quot;:&quot;px&quot;,&quot;size&quot;:-10,&quot;sizes&quot;:[]},&quot;_animation&quot;:&quot;fadeInUp&quot;,&quot;_animation_delay&quot;:100,&quot;_transform_translateX_effect_hover&quot;:{&quot;unit&quot;:&quot;px&quot;,&quot;size&quot;:&quot;&quot;,&quot;sizes&quot;:[]},&quot;_transform_translateX_effect_hover_tablet&quot;:{&quot;unit&quot;:&quot;px&quot;,&quot;size&quot;:&quot;&quot;,&quot;sizes&quot;:[]},&quot;_transform_translateX_effect_hover_mobile&quot;:{&quot;unit&quot;:&quot;px&quot;,&quot;size&quot;:&quot;&quot;,&quot;sizes&quot;:[]},&quot;_transform_translateY_effect_hover_tablet&quot;:{&quot;unit&quot;:&quot;px&quot;,&quot;size&quot;:&quot;&quot;,&quot;sizes&quot;:[]},&quot;_transform_translateY_effect_hover_mobile&quot;:{&quot;unit&quot;:&quot;px&quot;,&quot;size&quot;:&quot;&quot;,&quot;sizes&quot;:[]}}\" data-widget_type=\"porto_info_box.default\">\n\t\t\t\t<div class=\"elementor-widget-container\">\n\t\t\t<div class=\"porto-sicon-box style_1 top-icon text-left\"><div class=\"porto-sicon-top\"><div id=\"porto-icon-83607987369e1907687aee\" class=\"porto-just-icon-wrapper porto-sicon-img\" style=\"margin-bottom:24px;\"><img loading=\"lazy\" decoding=\"async\" class=\"img-icon\" alt=\"\" src=\"https:\/\/www.uvealiner.com\/wp-content\/uploads\/2024\/12\/Ruhsico.png\" width=\"98\" height=\"90\" \/><\/div><\/div><div class=\"porto-sicon-header\"><h3 class=\"porto-sicon-title\" style=\"\">Kolay ve H\u0131zl\u0131 Uygulama<\/h3><p >Geleneksel kaz\u0131 sistemlerine g\u00f6re h\u0131zl\u0131 ve kolay uygulama avantaj\u0131.<\/p><\/div> <!-- header --><\/div><!-- porto-sicon-box -->\t\t<\/div>\n\t\t\t\t<\/div>\n\t\t\t\t\t<\/div>\r\n\t\t\t\t<\/div>\r\n\t\t\t\t<div class=\"elementor-column elementor-col-25 elementor-top-column elementor-element elementor-element-758cc9e\" data-id=\"758cc9e\" data-element_type=\"column\">\r\n\t\t\t\t\t<div class=\"elementor-widget-wrap elementor-element-populated\">\r\n\t\t\t\t\t\t\t\t<div class=\"elementor-element elementor-element-f427c4a e-transform elementor-invisible elementor-widget elementor-widget-porto_info_box\" data-id=\"f427c4a\" data-element_type=\"widget\" data-settings=\"{&quot;_transform_translateY_effect_hover&quot;:{&quot;unit&quot;:&quot;px&quot;,&quot;size&quot;:-10,&quot;sizes&quot;:[]},&quot;_animation&quot;:&quot;fadeInUp&quot;,&quot;_animation_delay&quot;:400,&quot;_transform_translateX_effect_hover&quot;:{&quot;unit&quot;:&quot;px&quot;,&quot;size&quot;:&quot;&quot;,&quot;sizes&quot;:[]},&quot;_transform_translateX_effect_hover_tablet&quot;:{&quot;unit&quot;:&quot;px&quot;,&quot;size&quot;:&quot;&quot;,&quot;sizes&quot;:[]},&quot;_transform_translateX_effect_hover_mobile&quot;:{&quot;unit&quot;:&quot;px&quot;,&quot;size&quot;:&quot;&quot;,&quot;sizes&quot;:[]},&quot;_transform_translateY_effect_hover_tablet&quot;:{&quot;unit&quot;:&quot;px&quot;,&quot;size&quot;:&quot;&quot;,&quot;sizes&quot;:[]},&quot;_transform_translateY_effect_hover_mobile&quot;:{&quot;unit&quot;:&quot;px&quot;,&quot;size&quot;:&quot;&quot;,&quot;sizes&quot;:[]}}\" data-widget_type=\"porto_info_box.default\">\n\t\t\t\t<div class=\"elementor-widget-container\">\n\t\t\t<div class=\"porto-sicon-box style_1 top-icon text-left\"><div class=\"porto-sicon-top\"><div id=\"porto-icon-127494116069e1907689646\" class=\"porto-just-icon-wrapper porto-sicon-img\" style=\"margin-bottom:24px;\"><img loading=\"lazy\" decoding=\"async\" class=\"img-icon\" alt=\"\" src=\"https:\/\/www.uvealiner.com\/wp-content\/uploads\/2024\/12\/durable.png\" width=\"98\" height=\"90\" \/><\/div><\/div><div class=\"porto-sicon-header\"><h3 class=\"porto-sicon-title\" style=\"\">Dayan\u0131m ve Kullan\u0131m \u00d6mr\u00fc<\/h3><p >\u00dcst\u00fcn mukavemet de\u011ferlerine sahip, uzun \u00f6m\u00fcrl\u00fc.<\/p><\/div> <!-- header --><\/div><!-- porto-sicon-box -->\t\t<\/div>\n\t\t\t\t<\/div>\n\t\t\t\t\t<\/div>\r\n\t\t\t\t<\/div>\r\n\t\t\t\t<div class=\"elementor-column elementor-col-25 elementor-top-column elementor-element elementor-element-9e875ee\" data-id=\"9e875ee\" data-element_type=\"column\">\r\n\t\t\t\t\t<div class=\"elementor-widget-wrap elementor-element-populated\">\r\n\t\t\t\t\t\t\t\t<div class=\"elementor-element elementor-element-94fc6c2 e-transform elementor-invisible elementor-widget elementor-widget-porto_info_box\" data-id=\"94fc6c2\" data-element_type=\"widget\" data-settings=\"{&quot;_transform_translateY_effect_hover&quot;:{&quot;unit&quot;:&quot;px&quot;,&quot;size&quot;:-10,&quot;sizes&quot;:[]},&quot;_animation&quot;:&quot;fadeInUp&quot;,&quot;_animation_delay&quot;:700,&quot;_transform_translateX_effect_hover&quot;:{&quot;unit&quot;:&quot;px&quot;,&quot;size&quot;:&quot;&quot;,&quot;sizes&quot;:[]},&quot;_transform_translateX_effect_hover_tablet&quot;:{&quot;unit&quot;:&quot;px&quot;,&quot;size&quot;:&quot;&quot;,&quot;sizes&quot;:[]},&quot;_transform_translateX_effect_hover_mobile&quot;:{&quot;unit&quot;:&quot;px&quot;,&quot;size&quot;:&quot;&quot;,&quot;sizes&quot;:[]},&quot;_transform_translateY_effect_hover_tablet&quot;:{&quot;unit&quot;:&quot;px&quot;,&quot;size&quot;:&quot;&quot;,&quot;sizes&quot;:[]},&quot;_transform_translateY_effect_hover_mobile&quot;:{&quot;unit&quot;:&quot;px&quot;,&quot;size&quot;:&quot;&quot;,&quot;sizes&quot;:[]}}\" data-widget_type=\"porto_info_box.default\">\n\t\t\t\t<div class=\"elementor-widget-container\">\n\t\t\t<div class=\"porto-sicon-box style_1 top-icon text-left\"><div class=\"porto-sicon-top\"><div id=\"porto-icon-175054355669e190768bb31\" class=\"porto-just-icon-wrapper porto-sicon-img\" style=\"margin-bottom:24px;\"><img loading=\"lazy\" decoding=\"async\" class=\"img-icon\" alt=\"\" src=\"https:\/\/www.uvealiner.com\/wp-content\/uploads\/2024\/12\/insfrastrru.png\" width=\"98\" height=\"90\" \/><\/div><\/div><div class=\"porto-sicon-header\"><h3 class=\"porto-sicon-title\" style=\"\">Geni\u015f Uygulama Alanlar\u0131<\/h3><p >D\u00fcnya genelindeki en yayg\u0131n kaz\u0131s\u0131z boru hatt\u0131 yenileme tekni\u011fi.<\/p><\/div> <!-- header --><\/div><!-- porto-sicon-box -->\t\t<\/div>\n\t\t\t\t<\/div>\n\t\t\t\t\t<\/div>\r\n\t\t\t\t<\/div>\r\n\t\t\t\t<div class=\"elementor-column elementor-col-25 elementor-top-column elementor-element elementor-element-999d4de\" data-id=\"999d4de\" data-element_type=\"column\">\r\n\t\t\t\t\t<div class=\"elementor-widget-wrap elementor-element-populated\">\r\n\t\t\t\t\t\t\t\t<div class=\"elementor-element elementor-element-726b0e2 e-transform elementor-invisible elementor-widget elementor-widget-porto_info_box\" data-id=\"726b0e2\" data-element_type=\"widget\" data-settings=\"{&quot;_transform_translateY_effect_hover&quot;:{&quot;unit&quot;:&quot;px&quot;,&quot;size&quot;:-10,&quot;sizes&quot;:[]},&quot;_animation&quot;:&quot;fadeInUp&quot;,&quot;_animation_delay&quot;:1000,&quot;_transform_translateX_effect_hover&quot;:{&quot;unit&quot;:&quot;px&quot;,&quot;size&quot;:&quot;&quot;,&quot;sizes&quot;:[]},&quot;_transform_translateX_effect_hover_tablet&quot;:{&quot;unit&quot;:&quot;px&quot;,&quot;size&quot;:&quot;&quot;,&quot;sizes&quot;:[]},&quot;_transform_translateX_effect_hover_mobile&quot;:{&quot;unit&quot;:&quot;px&quot;,&quot;size&quot;:&quot;&quot;,&quot;sizes&quot;:[]},&quot;_transform_translateY_effect_hover_tablet&quot;:{&quot;unit&quot;:&quot;px&quot;,&quot;size&quot;:&quot;&quot;,&quot;sizes&quot;:[]},&quot;_transform_translateY_effect_hover_mobile&quot;:{&quot;unit&quot;:&quot;px&quot;,&quot;size&quot;:&quot;&quot;,&quot;sizes&quot;:[]}}\" data-widget_type=\"porto_info_box.default\">\n\t\t\t\t<div class=\"elementor-widget-container\">\n\t\t\t<div class=\"porto-sicon-box style_1 top-icon text-left\"><div class=\"porto-sicon-top\"><div id=\"porto-icon-68104475769e190768e0bc\" class=\"porto-just-icon-wrapper porto-sicon-img\" style=\"margin-bottom:24px;\"><img loading=\"lazy\" decoding=\"async\" class=\"img-icon\" alt=\"\" src=\"https:\/\/www.uvealiner.com\/wp-content\/uploads\/2024\/12\/planetsve.png\" width=\"98\" height=\"90\" \/><\/div><\/div><div class=\"porto-sicon-header\"><h3 class=\"porto-sicon-title\" style=\"\">\u00c7evre kirlili\u011fi ve sosyal maliyeti azaltmas\u0131<\/h3><p >CO\u2082 emisyon sal\u0131n\u0131m\u0131n\u0131, \u00e7evre ve g\u00fcr\u00fclt\u00fc kirlili\u011fini azaltmas\u0131.<\/p><\/div> <!-- header --><\/div><!-- porto-sicon-box -->\t\t<\/div>\n\t\t\t\t<\/div>\n\t\t\t\t\t<\/div>\r\n\t\t\t\t<\/div>\r\n\t\t\t\t\t<\/div>\r\n\t\t\t\t<\/div>\r\n\t\t\t\t\t\t\t<\/div>\n\t\t","protected":false},"excerpt":{"rendered":"<p>BORU HATLARININ KAZISIZ YEN\u0130LENMES\u0130 \u0130\u00c7\u0130N KOMPOZ\u0130T ASTAR (LINER) Boru hatlar\u0131n\u0131n kaz\u0131 yap\u0131lmadan yenilenmesi i\u00e7in son teknoloji ile \u00fcretilen ve sahada UV \u0131\u015f\u0131\u011f\u0131yla sertle\u015ftirilerek mevcut boru i\u00e7inde yeni bir boru olu\u015fturan kompozit astar (liner) \u00fcr\u00fcn\u00fcm\u00fcz EN ISO 11296-4 standard\u0131 ile uyumludur. 150 mm ile 1600 mm \u00e7aplar aras\u0131ndaki eskimi\u015f, hasarl\u0131 (\u00e7atlak, k\u0131r\u0131k vb.) ve a\u015f\u0131nm\u0131\u015f borular [&hellip;]<\/p>\n","protected":false},"author":1,"featured_media":0,"parent":0,"menu_order":0,"comment_status":"closed","ping_status":"closed","template":"","meta":{"footnotes":""},"class_list":["post-2910","page","type-page","status-publish","hentry"],"_links":{"self":[{"href":"https:\/\/www.uvealiner.com\/tr\/wp-json\/wp\/v2\/pages\/2910","targetHints":{"allow":["GET"]}}],"collection":[{"href":"https:\/\/www.uvealiner.com\/tr\/wp-json\/wp\/v2\/pages"}],"about":[{"href":"https:\/\/www.uvealiner.com\/tr\/wp-json\/wp\/v2\/types\/page"}],"author":[{"embeddable":true,"href":"https:\/\/www.uvealiner.com\/tr\/wp-json\/wp\/v2\/users\/1"}],"replies":[{"embeddable":true,"href":"https:\/\/www.uvealiner.com\/tr\/wp-json\/wp\/v2\/comments?post=2910"}],"version-history":[{"count":11,"href":"https:\/\/www.uvealiner.com\/tr\/wp-json\/wp\/v2\/pages\/2910\/revisions"}],"predecessor-version":[{"id":3102,"href":"https:\/\/www.uvealiner.com\/tr\/wp-json\/wp\/v2\/pages\/2910\/revisions\/3102"}],"wp:attachment":[{"href":"https:\/\/www.uvealiner.com\/tr\/wp-json\/wp\/v2\/media?parent=2910"}],"curies":[{"name":"wp","href":"https:\/\/api.w.org\/{rel}","templated":true}]}}