{"id":2901,"date":"2022-05-12T12:52:56","date_gmt":"2022-05-12T12:52:56","guid":{"rendered":"https:\/\/www.uvealiner.com\/hakkimizda\/"},"modified":"2024-12-27T19:21:01","modified_gmt":"2024-12-27T19:21:01","slug":"hakkimizda","status":"publish","type":"page","link":"https:\/\/www.uvealiner.com\/tr\/hakkimizda\/","title":{"rendered":"Hakk\u0131m\u0131zda"},"content":{"rendered":"\t\t<div data-elementor-type=\"wp-page\" data-elementor-id=\"2901\" class=\"elementor elementor-2901 elementor-45\">\n\t\t\t\t\t\t\t\t\t<div class=\"elementor-section elementor-top-section elementor-element elementor-element-36d3243 m-t-xxl m-b-xlg pb-4 elementor-section-boxed elementor-section-height-default elementor-section-height-default\" data-id=\"36d3243\" data-element_type=\"section\">\r\n\t\t\r\n\t\t\t\t\t\t\t<div class=\"elementor-container elementor-column-gap-default\">\r\n\t\t\t\t\t\t\t\t\t\t\t<div class=\"elementor-column elementor-col-50 elementor-top-column elementor-element elementor-element-1cfe9cb mb-1\" data-id=\"1cfe9cb\" data-element_type=\"column\">\r\n\t\t\t\t\t<div class=\"elementor-widget-wrap elementor-element-populated\">\r\n\t\t\t\t\t\t\t\t<div class=\"elementor-element elementor-element-e86f73e mb-0 elementor-widget elementor-widget-heading\" data-id=\"e86f73e\" data-element_type=\"widget\" data-widget_type=\"heading.default\">\n\t\t\t\t<div class=\"elementor-widget-container\">\n\t\t\t<style>\/*! elementor - v3.12.2 - 23-04-2023 *\/\n.elementor-heading-title{padding:0;margin:0;line-height:1}.elementor-widget-heading .elementor-heading-title[class*=elementor-size-]>a{color:inherit;font-size:inherit;line-height:inherit}.elementor-widget-heading .elementor-heading-title.elementor-size-small{font-size:15px}.elementor-widget-heading .elementor-heading-title.elementor-size-medium{font-size:19px}.elementor-widget-heading .elementor-heading-title.elementor-size-large{font-size:29px}.elementor-widget-heading .elementor-heading-title.elementor-size-xl{font-size:39px}.elementor-widget-heading .elementor-heading-title.elementor-size-xxl{font-size:59px}<\/style><h4 class=\"elementor-heading-title elementor-size-default\">UZMAN KADRO VE TEKNOLOJ\u0130K \u00dcRET\u0130M <\/h4>\t\t<\/div>\n\t\t\t\t<\/div>\n\t\t\t\t<div class=\"elementor-element elementor-element-4517116 mb-4 elementor-widget elementor-widget-porto_ultimate_heading\" data-id=\"4517116\" data-element_type=\"widget\" data-widget_type=\"porto_ultimate_heading.default\">\n\t\t\t\t<div class=\"elementor-widget-container\">\n\t\t\t<div class=\"porto-u-heading  porto-u-9910\"><div class=\"porto-u-main-heading\"><h3 data-plugin-animated-words data-plugin-options=\"{&quot;startDelay&quot;:0,&quot;minWindowWidth&quot;:0,&quot;animationName&quot;:&quot;fadeIn&quot;,&quot;contentType&quot;:&quot;word&quot;}\"   style=\"margin-bottom: 16px;\">UVEA LINER<\/h3><\/div><div class=\"porto-u-sub-heading\" style=\"\"><p>Altyap\u0131 boru hatlar\u0131 sekt\u00f6r\u00fcnde kaz\u0131s\u0131z teknolojiler tecr\u00fcbesine sahip uzman bir kadro, yetkin bir ar-ge ekibi ve g\u00fc\u00e7l\u00fc \u00fcretim kapasitesiyle <strong>UVEA LINER<\/strong> t\u00fcm ihtiya\u00e7lar\u0131n\u0131z\u0131 kar\u015f\u0131lamaya haz\u0131r.<\/p><\/div><style>.porto-u-9910.porto-u-heading{text-align:left}<\/style><\/div>\t\t<\/div>\n\t\t\t\t<\/div>\n\t\t\t\t<div class=\"elementor-element elementor-element-2d408f0 mb-4 pb-2 elementor-widget elementor-widget-heading\" data-id=\"2d408f0\" data-element_type=\"widget\" data-widget_type=\"heading.default\">\n\t\t\t\t<div class=\"elementor-widget-container\">\n\t\t\t<p class=\"elementor-heading-title elementor-size-default\">Hedefimiz eskimi\u015f, hasarl\u0131 (\u00e7atlak, k\u0131r\u0131k vb.) ve a\u015f\u0131nm\u0131\u015f boru hatlar\u0131 i\u00e7in deprem diren\u00e7li, h\u0131zl\u0131 ve ekonomik kaz\u0131s\u0131z yenileme \u00e7\u00f6z\u00fcm\u00fc sunmakt\u0131r.<\/p>\t\t<\/div>\n\t\t\t\t<\/div>\n\t\t\t\t<div class=\"elementor-element elementor-element-7aed9fb mb-4 pb-2 elementor-widget elementor-widget-heading\" data-id=\"7aed9fb\" data-element_type=\"widget\" data-widget_type=\"heading.default\">\n\t\t\t\t<div class=\"elementor-widget-container\">\n\t\t\t<p class=\"elementor-heading-title elementor-size-default\">Enes Elektrik \u0130n\u015faat ve Tekstil San. Tic. Ltd. \u015eti. taraf\u0131ndan \u00fcretilen <b>UVEA LINER<\/b> kompozit astar (liner) malzemesinin d\u00fcnya genelindeki pazarlama ve sat\u0131\u015f faaliyetleri \u015firketimiz taraf\u0131ndan y\u00fcr\u00fct\u00fclmektedir.<\/p>\t\t<\/div>\n\t\t\t\t<\/div>\n\t\t\t\t<div class=\"elementor-element elementor-element-7185315 w-auto elementor-widget elementor-widget-porto_button\" data-id=\"7185315\" data-element_type=\"widget\" data-widget_type=\"porto_button.default\">\n\t\t\t\t<div class=\"elementor-widget-container\">\n\t\t\t<a aria-label=\"button\" class=\"btn btn-md btn-primary btn-icon btn-icon-right hover-icon-pulse-left-right\" href=\"https:\/\/www.uvealiner.com\/tr\/urunler\/\"><span >\u00dcr\u00fcnler<\/span><i class=\"porto-icon-arrow-forward-right\"><\/i><\/a>\t\t<\/div>\n\t\t\t\t<\/div>\n\t\t\t\t\t<\/div>\r\n\t\t\t\t<\/div>\r\n\t\t\t\t<div class=\"elementor-column elementor-col-50 elementor-top-column elementor-element elementor-element-8b59dc5\" data-id=\"8b59dc5\" data-element_type=\"column\">\r\n\t\t\t\t\t<div class=\"elementor-widget-wrap elementor-element-populated\">\r\n\t\t\t\t\t\t\t\t<div class=\"elementor-section elementor-inner-section elementor-element elementor-element-0a76550 custom-gallery elementor-section-boxed elementor-section-height-default elementor-section-height-default\" data-id=\"0a76550\" data-element_type=\"section\">\r\n\t\t\r\n\t\t\t\t\t\t\t<div class=\"elementor-container elementor-column-gap-no\">\r\n\t\t\t\t\t\t\t\t\t\t\t<div class=\"elementor-column elementor-col-100 elementor-inner-column elementor-element elementor-element-45a1b75 w-100 position-absolute\" data-id=\"45a1b75\" data-element_type=\"column\">\r\n\t\t\t\t\t<div data-plugin-float-element=\"\" data-plugin-options=\"{&quot;startPos&quot;:&quot;top&quot;,&quot;speed&quot;:&quot;9.6&quot;,&quot;transition&quot;:true,&quot;horizontal&quot;:false,&quot;transitionDuration&quot;:1000}\" class=\"elementor-widget-wrap elementor-element-populated\">\r\n\t\t\t\t\t\t\t\t<div class=\"elementor-element elementor-element-9a38dba w-100 elementor-widget__width-initial elementor-invisible elementor-widget elementor-widget-image\" data-id=\"9a38dba\" data-element_type=\"widget\" data-settings=\"{&quot;_animation&quot;:&quot;zoomIn&quot;,&quot;_animation_delay&quot;:600}\" data-widget_type=\"image.default\">\n\t\t\t\t<div class=\"elementor-widget-container\">\n\t\t\t<style>\/*! elementor - v3.12.2 - 23-04-2023 *\/\n.elementor-widget-image{text-align:center}.elementor-widget-image a{display:inline-block}.elementor-widget-image a img[src$=\".svg\"]{width:48px}.elementor-widget-image img{vertical-align:middle;display:inline-block}<\/style>\t\t\t\t\t\t\t\t\t\t\t\t<img loading=\"lazy\" decoding=\"async\" width=\"960\" height=\"600\" src=\"https:\/\/www.uvealiner.com\/wp-content\/uploads\/2024\/12\/Banners-1-2-1.jpg\" class=\"attachment-full size-full wp-image-3284\" alt=\"\" srcset=\"https:\/\/www.uvealiner.com\/wp-content\/uploads\/2024\/12\/Banners-1-2-1.jpg 960w, https:\/\/www.uvealiner.com\/wp-content\/uploads\/2024\/12\/Banners-1-2-1-768x480.jpg 768w, https:\/\/www.uvealiner.com\/wp-content\/uploads\/2024\/12\/Banners-1-2-1-320x200.jpg 320w, https:\/\/www.uvealiner.com\/wp-content\/uploads\/2024\/12\/Banners-1-2-1-480x300.jpg 480w, https:\/\/www.uvealiner.com\/wp-content\/uploads\/2024\/12\/Banners-1-2-1-800x500.jpg 800w, https:\/\/www.uvealiner.com\/wp-content\/uploads\/2024\/12\/Banners-1-2-1-640x400.jpg 640w, https:\/\/www.uvealiner.com\/wp-content\/uploads\/2024\/12\/Banners-1-2-1-400x250.jpg 400w, https:\/\/www.uvealiner.com\/wp-content\/uploads\/2024\/12\/Banners-1-2-1-367x229.jpg 367w\" sizes=\"auto, (max-width: 960px) 100vw, 960px\" \/>\t\t\t\t\t\t\t\t\t\t\t\t\t\t\t<\/div>\n\t\t\t\t<\/div>\n\t\t\t\t\t<\/div>\r\n\t\t\t\t<\/div>\r\n\t\t\t\t\t<\/div>\r\n\t\t\t\t<\/div>\r\n\t\t\t\t\t<\/div>\r\n\t\t\t\t<\/div>\r\n\t\t\t\t\t<\/div>\r\n\t\t\t\t<\/div>\r\n\t\t\t\t\t\t\t<\/div>\n\t\t","protected":false},"excerpt":{"rendered":"<p>UZMAN KADRO VE TEKNOLOJ\u0130K \u00dcRET\u0130M UVEA LINER Altyap\u0131 boru hatlar\u0131 sekt\u00f6r\u00fcnde kaz\u0131s\u0131z teknolojiler tecr\u00fcbesine sahip uzman bir kadro, yetkin bir ar-ge ekibi ve g\u00fc\u00e7l\u00fc \u00fcretim kapasitesiyle UVEA LINER t\u00fcm ihtiya\u00e7lar\u0131n\u0131z\u0131 kar\u015f\u0131lamaya haz\u0131r. Hedefimiz eskimi\u015f, hasarl\u0131 (\u00e7atlak, k\u0131r\u0131k vb.) ve a\u015f\u0131nm\u0131\u015f boru hatlar\u0131 i\u00e7in deprem diren\u00e7li, h\u0131zl\u0131 ve ekonomik kaz\u0131s\u0131z yenileme \u00e7\u00f6z\u00fcm\u00fc sunmakt\u0131r. Enes Elektrik \u0130n\u015faat [&hellip;]<\/p>\n","protected":false},"author":1,"featured_media":0,"parent":0,"menu_order":0,"comment_status":"closed","ping_status":"closed","template":"","meta":{"footnotes":""},"class_list":["post-2901","page","type-page","status-publish","hentry"],"_links":{"self":[{"href":"https:\/\/www.uvealiner.com\/tr\/wp-json\/wp\/v2\/pages\/2901","targetHints":{"allow":["GET"]}}],"collection":[{"href":"https:\/\/www.uvealiner.com\/tr\/wp-json\/wp\/v2\/pages"}],"about":[{"href":"https:\/\/www.uvealiner.com\/tr\/wp-json\/wp\/v2\/types\/page"}],"author":[{"embeddable":true,"href":"https:\/\/www.uvealiner.com\/tr\/wp-json\/wp\/v2\/users\/1"}],"replies":[{"embeddable":true,"href":"https:\/\/www.uvealiner.com\/tr\/wp-json\/wp\/v2\/comments?post=2901"}],"version-history":[{"count":9,"href":"https:\/\/www.uvealiner.com\/tr\/wp-json\/wp\/v2\/pages\/2901\/revisions"}],"predecessor-version":[{"id":3288,"href":"https:\/\/www.uvealiner.com\/tr\/wp-json\/wp\/v2\/pages\/2901\/revisions\/3288"}],"wp:attachment":[{"href":"https:\/\/www.uvealiner.com\/tr\/wp-json\/wp\/v2\/media?parent=2901"}],"curies":[{"name":"wp","href":"https:\/\/api.w.org\/{rel}","templated":true}]}}